{"id":2,"date":"2020-02-27T11:25:20","date_gmt":"2020-02-27T10:25:20","guid":{"rendered":"http:\/\/abcdair.be\/?page_id=2"},"modified":"2020-10-05T11:48:26","modified_gmt":"2020-10-05T09:48:26","slug":"page-d-exemple","status":"publish","type":"page","link":"https:\/\/abcdair.be\/","title":{"rendered":"Bienvenue  !"},"content":{"rendered":"\n<p class=\"has-black-color has-text-color\" style=\"font-size:19px\"><em>Le site ABCD&rsquo;air est un outil de l&rsquo;ASBL Hypoth\u00e8se en partenariat avec l&rsquo;ISSeP, destin\u00e9 \u00e0 accompagner les participants au<strong> <\/strong><\/em><strong><em>Projet Capteur CO<sub>2<\/sub><\/em><\/strong><\/p>\n\n\n\n<div style=\"height:44px\" aria-hidden=\"true\" class=\"wp-block-spacer\"><\/div>\n\n\n\n<figure class=\"wp-block-gallery alignleft columns-1 is-cropped wp-block-gallery-1 is-layout-flex wp-block-gallery-is-layout-flex\"><ul class=\"blocks-gallery-grid\"><li class=\"blocks-gallery-item\"><figure><img decoding=\"async\" src=\"https:\/\/abcdair.be\/wp-content\/uploads\/2020\/03\/logohypo.png\" alt=\"\" data-id=\"6\" class=\"wp-image-6\"\/><\/figure><\/li><\/ul><\/figure>\n\n\n\n<div class=\"wp-block-image\"><figure class=\"alignleft size-thumbnail\"><img loading=\"lazy\" decoding=\"async\" width=\"150\" height=\"150\" src=\"https:\/\/abcdair.be\/wp-content\/uploads\/2020\/04\/logo-entreprise-ISSeP-reduction-150x150.jpg\" alt=\"\" class=\"wp-image-112\"\/><\/figure><\/div>\n\n\n\n<div style=\"height:41px\" aria-hidden=\"true\" class=\"wp-block-spacer\"><\/div>\n\n\n\n<p class=\"has-text-align-justify\">En 2020-2021, des capteurs de CO<sub>2<\/sub>&nbsp;sont install\u00e9s par l\u2019ISSeP dans des classes primaire et secondaire de Wallonie. Le but est de r\u00e9aliser des mesures scientifiques de la qualit\u00e9 de l\u2019air int\u00e9rieur dans les \u00e9coles inscrites.&nbsp;<\/p>\n\n\n\n<p class=\"has-text-align-justify\">Dans ce contexte, l\u2019ASBL Hypoth\u00e8se est le&nbsp;partenaire p\u00e9dagogique&nbsp;de l\u2019ISSeP pour d\u00e9velopper un projet de sensibilisation \u00e0 l\u2019importance du maintien d\u2019un air de qualit\u00e9 dans les classes. Dans ce sens, l\u2019ASBL Hypoth\u00e8se propose des s\u00e9quences d\u2019activit\u00e9s scientifiques sur le th\u00e8me de l\u2019air pour les \u00e9l\u00e8ves de 9 \u00e0 14 ans. Ce th\u00e8me est une belle occasion pour mener une d\u00e9marche d\u2019investigation scientifique.<\/p>\n\n\n\n<div style=\"height:27px\" aria-hidden=\"true\" class=\"wp-block-spacer\"><\/div>\n\n\n\n<div class=\"wp-block-image\"><figure class=\"aligncenter size-large is-resized\"><a href=\"https:\/\/abcdair.be\/wp-content\/uploads\/2020\/10\/PPT-ISSEP-Version-2.pptx\" target=\"_blank\" rel=\"noopener noreferrer\"><img loading=\"lazy\" decoding=\"async\" src=\"https:\/\/abcdair.be\/wp-content\/uploads\/2020\/10\/Pont-a\u0300-Celles-1-1-1024x780.jpg\" alt=\"\" class=\"wp-image-360\" width=\"511\" height=\"389\" srcset=\"https:\/\/abcdair.be\/wp-content\/uploads\/2020\/10\/Pont-a\u0300-Celles-1-1-1024x780.jpg 1024w, https:\/\/abcdair.be\/wp-content\/uploads\/2020\/10\/Pont-a\u0300-Celles-1-1-300x229.jpg 300w, https:\/\/abcdair.be\/wp-content\/uploads\/2020\/10\/Pont-a\u0300-Celles-1-1-768x585.jpg 768w, https:\/\/abcdair.be\/wp-content\/uploads\/2020\/10\/Pont-a\u0300-Celles-1-1-1536x1170.jpg 1536w, https:\/\/abcdair.be\/wp-content\/uploads\/2020\/10\/Pont-a\u0300-Celles-1-1-2048x1561.jpg 2048w\" sizes=\"auto, (max-width: 511px) 100vw, 511px\" \/><\/a><figcaption>D\u00e9couvrez le PowerPoint de pr\u00e9sentation du projet en cliquant sur l&rsquo;image ci-dessus.<\/figcaption><\/figure><\/div>\n","protected":false},"excerpt":{"rendered":"<p>Le site ABCD&rsquo;air est un outil de l&rsquo;ASBL Hypoth\u00e8se en partenariat avec l&rsquo;ISSeP, destin\u00e9 \u00e0 accompagner les participants au Projet Capteur CO2 En 2020-2021, des capteurs de CO2&nbsp;sont install\u00e9s par l\u2019ISSeP dans des classes primaire et secondaire de Wallonie. Le but est de r\u00e9aliser des mesures scientifiques de la qualit\u00e9 de l\u2019air int\u00e9rieur dans les &hellip; <\/p>\n<p class=\"link-more\"><a href=\"https:\/\/abcdair.be\/\" class=\"more-link\">Continuer la lecture<span class=\"screen-reader-text\"> de &laquo;&nbsp;Bienvenue  !&nbsp;&raquo;<\/span><\/a><\/p>\n","protected":false},"author":1,"featured_media":0,"parent":0,"menu_order":0,"comment_status":"closed","ping_status":"open","template":"","meta":{"footnotes":""},"class_list":["post-2","page","type-page","status-publish","hentry"],"jetpack_sharing_enabled":true,"_links":{"self":[{"href":"https:\/\/abcdair.be\/index.php?rest_route=\/wp\/v2\/pages\/2","targetHints":{"allow":["GET"]}}],"collection":[{"href":"https:\/\/abcdair.be\/index.php?rest_route=\/wp\/v2\/pages"}],"about":[{"href":"https:\/\/abcdair.be\/index.php?rest_route=\/wp\/v2\/types\/page"}],"author":[{"embeddable":true,"href":"https:\/\/abcdair.be\/index.php?rest_route=\/wp\/v2\/users\/1"}],"replies":[{"embeddable":true,"href":"https:\/\/abcdair.be\/index.php?rest_route=%2Fwp%2Fv2%2Fcomments&post=2"}],"version-history":[{"count":44,"href":"https:\/\/abcdair.be\/index.php?rest_route=\/wp\/v2\/pages\/2\/revisions"}],"predecessor-version":[{"id":393,"href":"https:\/\/abcdair.be\/index.php?rest_route=\/wp\/v2\/pages\/2\/revisions\/393"}],"wp:attachment":[{"href":"https:\/\/abcdair.be\/index.php?rest_route=%2Fwp%2Fv2%2Fmedia&parent=2"}],"curies":[{"name":"wp","href":"https:\/\/api.w.org\/{rel}","templated":true}]}}