{"id":69,"date":"2020-03-09T14:24:47","date_gmt":"2020-03-09T13:24:47","guid":{"rendered":"https:\/\/abcdair.be\/?page_id=69"},"modified":"2020-10-05T12:34:00","modified_gmt":"2020-10-05T10:34:00","slug":"brochures","status":"publish","type":"page","link":"https:\/\/abcdair.be\/?page_id=69","title":{"rendered":"Activit\u00e9s pour la classe"},"content":{"rendered":"\n<p>L\u2019ASBL Hypoth\u00e8se propose des s\u00e9quences d\u2019activit\u00e9s sur le th\u00e8me de l\u2019air pour les \u00e9l\u00e8ves de 9 \u00e0 14 ans. Ce th\u00e8me est une belle occasion pour mener une d\u00e9marche d\u2019investigation scientifique et d&rsquo;Education \u00e0 Relative \u00e0 l&rsquo;Environnement (ERE).<\/p>\n\n\n\n<p class=\"has-text-align-center\"><a rel=\"noreferrer noopener\" href=\"https:\/\/abcdair.be\/wp-content\/uploads\/2020\/10\/Intro-capteur-CO2.pdf\" target=\"_blank\">Introduction aux s\u00e9quences<\/a> <\/p>\n\n\n\n<hr class=\"wp-block-separator\"\/>\n\n\n\n<h3 class=\"wp-block-heading\">Les s\u00e9quences du projet capteur CO2<\/h3>\n\n\n\n<p>Les activit\u00e9s des s\u00e9quences 2 et 3 n\u00e9cessitent l&rsquo;utilisation du capteur de CO<sub>2<\/sub> et peuvent donc \u00eatre r\u00e9alis\u00e9es entre le 4 janvier et le 17 janvier 2021 ou apr\u00e8s le 14 f\u00e9vrier 2021.<\/p>\n\n\n\n<div class=\"wp-block-image\"><figure class=\"alignleft size-large is-resized\"><a href=\"https:\/\/abcdair.be\/wp-content\/uploads\/2020\/10\/Fiche-dapprentissage-mate\u0301rialite\u0301.pdf\" target=\"_blank\" rel=\"noopener noreferrer\"><img loading=\"lazy\" decoding=\"async\" src=\"https:\/\/abcdair.be\/wp-content\/uploads\/2020\/10\/canva-bouton-1.png\" alt=\"\" class=\"wp-image-405\" width=\"200\" height=\"200\" srcset=\"https:\/\/abcdair.be\/wp-content\/uploads\/2020\/10\/canva-bouton-1.png 813w, https:\/\/abcdair.be\/wp-content\/uploads\/2020\/10\/canva-bouton-1-300x300.png 300w, https:\/\/abcdair.be\/wp-content\/uploads\/2020\/10\/canva-bouton-1-150x150.png 150w, https:\/\/abcdair.be\/wp-content\/uploads\/2020\/10\/canva-bouton-1-768x770.png 768w, https:\/\/abcdair.be\/wp-content\/uploads\/2020\/10\/canva-bouton-1-100x100.png 100w\" sizes=\"auto, (max-width: 200px) 100vw, 200px\" \/><\/a><figcaption>              S\u00e9quence  1     <strong>\u2192<\/strong><\/figcaption><\/figure><\/div>\n\n\n\n<div class=\"wp-block-image\"><figure class=\"alignleft size-large is-resized\"><a href=\"https:\/\/abcdair.be\/wp-content\/uploads\/2020\/10\/Fiche-dapprentissage-respiration-.pdf\" target=\"_blank\" rel=\"noopener noreferrer\"><img loading=\"lazy\" decoding=\"async\" src=\"https:\/\/abcdair.be\/wp-content\/uploads\/2020\/10\/canva-bouton-2.png\" alt=\"\" class=\"wp-image-406\" width=\"200\" height=\"200\" srcset=\"https:\/\/abcdair.be\/wp-content\/uploads\/2020\/10\/canva-bouton-2.png 813w, https:\/\/abcdair.be\/wp-content\/uploads\/2020\/10\/canva-bouton-2-300x300.png 300w, https:\/\/abcdair.be\/wp-content\/uploads\/2020\/10\/canva-bouton-2-150x150.png 150w, https:\/\/abcdair.be\/wp-content\/uploads\/2020\/10\/canva-bouton-2-768x770.png 768w, https:\/\/abcdair.be\/wp-content\/uploads\/2020\/10\/canva-bouton-2-100x100.png 100w\" sizes=\"auto, (max-width: 200px) 100vw, 200px\" \/><\/a><figcaption>S\u00e9quence  2  <em><strong>\u2192<\/strong><\/em><\/figcaption><\/figure><\/div>\n\n\n\n<div class=\"wp-block-image\"><figure class=\"alignleft size-large is-resized\"><a href=\"https:\/\/abcdair.be\/wp-content\/uploads\/2020\/10\/Fiche-dapprentissage-ae\u0301ration-.pdf\" target=\"_blank\" rel=\"noopener noreferrer\"><img loading=\"lazy\" decoding=\"async\" src=\"https:\/\/abcdair.be\/wp-content\/uploads\/2020\/10\/canva-bouton-3.png\" alt=\"\" class=\"wp-image-407\" width=\"200\" height=\"200\" srcset=\"https:\/\/abcdair.be\/wp-content\/uploads\/2020\/10\/canva-bouton-3.png 813w, https:\/\/abcdair.be\/wp-content\/uploads\/2020\/10\/canva-bouton-3-300x300.png 300w, https:\/\/abcdair.be\/wp-content\/uploads\/2020\/10\/canva-bouton-3-150x150.png 150w, https:\/\/abcdair.be\/wp-content\/uploads\/2020\/10\/canva-bouton-3-768x770.png 768w, https:\/\/abcdair.be\/wp-content\/uploads\/2020\/10\/canva-bouton-3-100x100.png 100w\" sizes=\"auto, (max-width: 200px) 100vw, 200px\" \/><\/a><figcaption>S\u00e9quence  3 <\/figcaption><\/figure><\/div>\n\n\n\n<div style=\"height:29px\" aria-hidden=\"true\" class=\"wp-block-spacer\"><\/div>\n\n\n\n<p>Documents pour la s\u00e9quence 2 : <\/p>\n\n\n\n<ul class=\"wp-block-list\"><li><a rel=\"noreferrer noopener\" href=\"https:\/\/abcdair.be\/wp-content\/uploads\/2020\/10\/Oxyge\u0300ne-qui-es-tu.pdf\" target=\"_blank\">Oxyg\u00e8ne qui es-tu ?<\/a> <\/li><li><a href=\"https:\/\/abcdair.be\/wp-content\/uploads\/2020\/10\/Gaz-carbonique-qui-es-tu.pdf\" target=\"_blank\" rel=\"noreferrer noopener\">Gaz carbonique qui es-tu ?<\/a><\/li><li><a href=\"https:\/\/abcdair.be\/wp-content\/uploads\/2020\/10\/Air-ambiantair-expire\u0301.pdf\" target=\"_blank\" rel=\"noreferrer noopener\">Air ambiant >&lt; air expir\u00e9 <\/a><\/li><li><a href=\"https:\/\/abcdair.be\/wp-content\/uploads\/2020\/10\/Composition-gazeuse-de-lair.pdf\" target=\"_blank\" rel=\"noreferrer noopener\">Composition gazeuse de l&rsquo;air<\/a> <\/li><\/ul>\n\n\n\n<hr class=\"wp-block-separator\"\/>\n\n\n\n<h3 class=\"wp-block-heading\">Analyse causale : analysons un probl\u00e8me de qualit\u00e9 de l&rsquo;air <\/h3>\n\n\n\n<hr class=\"wp-block-separator\"\/>\n\n\n\n<h3 class=\"wp-block-heading\">Activit\u00e9s suppl\u00e9mentaires sur le th\u00e8me de l&rsquo;air <\/h3>\n\n\n\n<ul class=\"wp-block-list\" id=\"block-bf8b2fa1-50d2-4f1a-850c-d2038537e3d7\"><li><a rel=\"noreferrer noopener\" href=\"https:\/\/abcdair.be\/wp-content\/uploads\/2020\/10\/brochure_air_2018B.pdf\" target=\"_blank\">Brochure ABCD&rsquo;air &#8211; Une d\u00e9marche d&rsquo;apprentissage en \u00e9veil<\/a><\/li><li><a rel=\"noreferrer noopener\" href=\"https:\/\/abcdair.be\/wp-content\/uploads\/2020\/10\/fiches-activites.pdf\" target=\"_blank\">Brochure ABCD&rsquo;air &#8211; Les fiches d&rsquo;activit\u00e9s<\/a><\/li><\/ul>\n","protected":false},"excerpt":{"rendered":"<p>L\u2019ASBL Hypoth\u00e8se propose des s\u00e9quences d\u2019activit\u00e9s sur le th\u00e8me de l\u2019air pour les \u00e9l\u00e8ves de 9 \u00e0 14 ans. Ce th\u00e8me est une belle occasion pour mener une d\u00e9marche d\u2019investigation scientifique et d&rsquo;Education \u00e0 Relative \u00e0 l&rsquo;Environnement (ERE). Introduction aux s\u00e9quences Les s\u00e9quences du projet capteur CO2 Les activit\u00e9s des s\u00e9quences 2 et 3 n\u00e9cessitent &hellip; <\/p>\n<p class=\"link-more\"><a href=\"https:\/\/abcdair.be\/?page_id=69\" class=\"more-link\">Continuer la lecture<span class=\"screen-reader-text\"> de &laquo;&nbsp;Activit\u00e9s pour la classe&nbsp;&raquo;<\/span><\/a><\/p>\n","protected":false},"author":1,"featured_media":0,"parent":0,"menu_order":0,"comment_status":"closed","ping_status":"closed","template":"","meta":{"footnotes":""},"class_list":["post-69","page","type-page","status-publish","hentry"],"jetpack_sharing_enabled":true,"_links":{"self":[{"href":"https:\/\/abcdair.be\/index.php?rest_route=\/wp\/v2\/pages\/69","targetHints":{"allow":["GET"]}}],"collection":[{"href":"https:\/\/abcdair.be\/index.php?rest_route=\/wp\/v2\/pages"}],"about":[{"href":"https:\/\/abcdair.be\/index.php?rest_route=\/wp\/v2\/types\/page"}],"author":[{"embeddable":true,"href":"https:\/\/abcdair.be\/index.php?rest_route=\/wp\/v2\/users\/1"}],"replies":[{"embeddable":true,"href":"https:\/\/abcdair.be\/index.php?rest_route=%2Fwp%2Fv2%2Fcomments&post=69"}],"version-history":[{"count":12,"href":"https:\/\/abcdair.be\/index.php?rest_route=\/wp\/v2\/pages\/69\/revisions"}],"predecessor-version":[{"id":420,"href":"https:\/\/abcdair.be\/index.php?rest_route=\/wp\/v2\/pages\/69\/revisions\/420"}],"wp:attachment":[{"href":"https:\/\/abcdair.be\/index.php?rest_route=%2Fwp%2Fv2%2Fmedia&parent=69"}],"curies":[{"name":"wp","href":"https:\/\/api.w.org\/{rel}","templated":true}]}}