{"id":78,"date":"2020-03-09T14:27:08","date_gmt":"2020-03-09T13:27:08","guid":{"rendered":"https:\/\/abcdair.be\/?page_id=78"},"modified":"2024-08-27T09:22:05","modified_gmt":"2024-08-27T07:22:05","slug":"pret-de-materiel","status":"publish","type":"page","link":"https:\/\/abcdair.be\/?page_id=78","title":{"rendered":"Pr\u00eat de mat\u00e9riel"},"content":{"rendered":"\n<p>Malle AIR &#8211; Projet capteurs CO<sub>2<\/sub><\/p>\n\n\n\n<div class=\"wp-block-media-text alignwide is-stacked-on-mobile is-vertically-aligned-top\" style=\"grid-template-columns:37% auto\"><figure class=\"wp-block-media-text__media\"><img loading=\"lazy\" decoding=\"async\" width=\"575\" height=\"768\" src=\"https:\/\/abcdair.be\/wp-content\/uploads\/2020\/09\/Malle-mate\u0301riel.jpg\" alt=\"\" class=\"wp-image-325 size-full\" srcset=\"https:\/\/abcdair.be\/wp-content\/uploads\/2020\/09\/Malle-mate\u0301riel.jpg 575w, https:\/\/abcdair.be\/wp-content\/uploads\/2020\/09\/Malle-mate\u0301riel-225x300.jpg 225w\" sizes=\"auto, (max-width: 575px) 100vw, 575px\" \/><\/figure><div class=\"wp-block-media-text__content\">\n<p class=\"has-normal-font-size\"><a rel=\"noreferrer noopener\" href=\"https:\/\/abcdair.be\/wp-content\/uploads\/2020\/09\/Mate\u0301riel-malle.pdf\" target=\"_blank\">Contenu de la malle<\/a><\/p>\n\n\n\n<p class=\"has-normal-font-size\">Le mat\u00e9riel est accessible en pr\u00eat sur base d&rsquo;une r\u00e9servation obligatoire et une caution.<\/p>\n\n\n\n<p class=\"has-normal-font-size\">A l&rsquo;ASBL Hypoth\u00e8se:  Rue Natalis 2 4020 Li\u00e8ge &#8211; 042670599<\/p>\n\n\n\n<p class=\"has-normal-font-size\">Au si\u00e8ge ISSep Mons: Rue de la platinerie 12\/Z 7340 colfontaine<\/p>\n\n\n\n<p class=\"has-normal-font-size\">A Sciences Infuse : Rue des Wallons 72 &#8211; Bte L6.02.01 1348 Louvain-la-Neuve &#8211; 010473975<br>La r\u00e9servation peut se faire via le site : <a href=\"http:\/\/www.sciencesaemporter.be\/\">www.sciencesaemporter.be<\/a><\/p>\n<\/div><\/div>\n","protected":false},"excerpt":{"rendered":"<p>Malle AIR &#8211; Projet capteurs CO2 Contenu de la malle Le mat\u00e9riel est accessible en pr\u00eat sur base d&rsquo;une r\u00e9servation obligatoire et une caution. A l&rsquo;ASBL Hypoth\u00e8se: Rue Natalis 2 4020 Li\u00e8ge &#8211; 042670599 Au si\u00e8ge ISSep Mons: Rue de la platinerie 12\/Z 7340 colfontaine A Sciences Infuse : Rue des Wallons 72 &#8211; Bte &hellip; <\/p>\n<p class=\"link-more\"><a href=\"https:\/\/abcdair.be\/?page_id=78\" class=\"more-link\">Continuer la lecture<span class=\"screen-reader-text\"> de &laquo;&nbsp;Pr\u00eat de mat\u00e9riel&nbsp;&raquo;<\/span><\/a><\/p>\n","protected":false},"author":1,"featured_media":0,"parent":0,"menu_order":0,"comment_status":"closed","ping_status":"closed","template":"","meta":{"footnotes":""},"class_list":["post-78","page","type-page","status-publish","hentry"],"jetpack_sharing_enabled":true,"_links":{"self":[{"href":"https:\/\/abcdair.be\/index.php?rest_route=\/wp\/v2\/pages\/78","targetHints":{"allow":["GET"]}}],"collection":[{"href":"https:\/\/abcdair.be\/index.php?rest_route=\/wp\/v2\/pages"}],"about":[{"href":"https:\/\/abcdair.be\/index.php?rest_route=\/wp\/v2\/types\/page"}],"author":[{"embeddable":true,"href":"https:\/\/abcdair.be\/index.php?rest_route=\/wp\/v2\/users\/1"}],"replies":[{"embeddable":true,"href":"https:\/\/abcdair.be\/index.php?rest_route=%2Fwp%2Fv2%2Fcomments&post=78"}],"version-history":[{"count":7,"href":"https:\/\/abcdair.be\/index.php?rest_route=\/wp\/v2\/pages\/78\/revisions"}],"predecessor-version":[{"id":492,"href":"https:\/\/abcdair.be\/index.php?rest_route=\/wp\/v2\/pages\/78\/revisions\/492"}],"wp:attachment":[{"href":"https:\/\/abcdair.be\/index.php?rest_route=%2Fwp%2Fv2%2Fmedia&parent=78"}],"curies":[{"name":"wp","href":"https:\/\/api.w.org\/{rel}","templated":true}]}}